{"id":2,"date":"2024-04-23T07:23:42","date_gmt":"2024-04-23T07:23:42","guid":{"rendered":"https:\/\/primerovallarta.com\/?page_id=2"},"modified":"2024-05-07T05:22:15","modified_gmt":"2024-05-07T05:22:15","slug":"sample-page","status":"publish","type":"page","link":"https:\/\/primerovallarta.com\/index.php\/sample-page\/","title":{"rendered":"Primero Vallarta"},"content":{"rendered":"\n<p>Primero Vallarta, tu fuente de periodismo independiente en nuestra regi\u00f3n! Descubre las noticias m\u00e1s importantes de Puerto Vallarta, Bah\u00eda de Banderas y la Costa Sierra Occidental de Jalisco. <\/p>\n\n\n\n<p>Nuestro compromiso es ofrecerte informaci\u00f3n veraz y relevante para que est\u00e9s siempre al tanto de lo que sucede en nuestra comunidad. <\/p>\n\n\n\n<p>\u00danete a nuestra comunidad y mantente bien informado con Primero Vallarta.<\/p>\n","protected":false},"excerpt":{"rendered":"<p>Primero Vallarta, tu fuente de periodismo independiente en nuestra regi\u00f3n! Descubre las noticias m\u00e1s importantes de Puerto Vallarta, Bah\u00eda de Banderas y la Costa Sierra Occidental de Jalisco. Nuestro compromiso es ofrecerte informaci\u00f3n veraz y relevante para que est\u00e9s siempre al tanto de lo que sucede en nuestra comunidad. \u00danete a nuestra comunidad y mantente [&hellip;]<\/p>\n","protected":false},"author":1,"featured_media":0,"parent":0,"menu_order":0,"comment_status":"closed","ping_status":"closed","template":"","meta":{"footnotes":""},"class_list":["post-2","page","type-page","status-publish","hentry"],"_links":{"self":[{"href":"https:\/\/primerovallarta.com\/index.php\/wp-json\/wp\/v2\/pages\/2","targetHints":{"allow":["GET"]}}],"collection":[{"href":"https:\/\/primerovallarta.com\/index.php\/wp-json\/wp\/v2\/pages"}],"about":[{"href":"https:\/\/primerovallarta.com\/index.php\/wp-json\/wp\/v2\/types\/page"}],"author":[{"embeddable":true,"href":"https:\/\/primerovallarta.com\/index.php\/wp-json\/wp\/v2\/users\/1"}],"replies":[{"embeddable":true,"href":"https:\/\/primerovallarta.com\/index.php\/wp-json\/wp\/v2\/comments?post=2"}],"version-history":[{"count":1,"href":"https:\/\/primerovallarta.com\/index.php\/wp-json\/wp\/v2\/pages\/2\/revisions"}],"predecessor-version":[{"id":15,"href":"https:\/\/primerovallarta.com\/index.php\/wp-json\/wp\/v2\/pages\/2\/revisions\/15"}],"wp:attachment":[{"href":"https:\/\/primerovallarta.com\/index.php\/wp-json\/wp\/v2\/media?parent=2"}],"curies":[{"name":"wp","href":"https:\/\/api.w.org\/{rel}","templated":true}]}}